{"id":339,"date":"2018-07-12T13:47:24","date_gmt":"2018-07-12T13:47:24","guid":{"rendered":"http:\/\/www.alandalusylahistoria.com\/?page_id=339"},"modified":"2021-04-09T11:35:24","modified_gmt":"2021-04-09T09:35:24","slug":"acerca-de","status":"publish","type":"page","link":"https:\/\/www.alandalusylahistoria.com\/?page_id=339","title":{"rendered":"Acerca de&#8230;"},"content":{"rendered":"\n<h2 class=\"wp-block-heading\">Al-Andalus para todos<\/h2>\n\n\n\n<p class=\"wp-block-paragraph\"><strong><em>Al-Andalus y la Historia<\/em><\/strong> es una revista de divulgaci\u00f3n dirigida al gran p\u00fablico. Su objetivo es acercar al lector a las \u00faltimas investigaciones acerca del pasado andalus\u00ed.<\/p>\n\n\n\n<h2 class=\"wp-block-heading\">Al-Andalus en la larga duraci\u00f3n<\/h2>\n\n\n\n<p class=\"wp-block-paragraph\">Entendemos ese pasado de manera amplia: como el periodo de la historia de la Pen\u00ednsula Ib\u00e9rica que va desde alrededor del 711 hasta la expulsi\u00f3n de los moriscos. Por tanto, consideramos que el pasado andalus\u00ed de la Pen\u00ednsula se extiende m\u00e1s all\u00e1 de la propia existencia de Al-Andalus para abarcar, tanto sus consecuencias hist\u00f3ricas m\u00e1s inmediatas \u2014la historia de la poblaci\u00f3n morisca\u2014, como sus reconstrucciones literarias, art\u00edsticas, folcl\u00f3ricas,&nbsp; pol\u00edticas e historiogr\u00e1ficas a lo largo de los siglos, hasta el d\u00eda de hoy.<\/p>\n\n\n\n<h2 class=\"wp-block-heading\">Al-Andalus a lo grande<\/h2>\n\n\n\n<p class=\"wp-block-paragraph\">Al-Andalus en las fuentes \u00e1rabes se entiende como la entidad geogr\u00e1fica que en la actualidad llamamos Pen\u00ednsula Ib\u00e9rica. Por ello, se incluye tambi\u00e9n la historia de los reinos cristianos existentes durante el periodo, en lo que tiene que ver con las relaciones&nbsp; b\u00e9licas, comerciales, culturales, etc., que mantuvieron con las diferentes entidades pol\u00edticas musulmanas que convivieron en el mismo territorio durante esos siglos.<\/p>\n\n\n\n<h2 class=\"wp-block-heading\">G\u00e9nesis<\/h2>\n\n\n\n<p class=\"wp-block-paragraph\">Esta revista fue concebida por Fernando Bravo, Maribel Fierro y Alejandro Garc\u00eda Sanju\u00e1n a ra\u00edz de la celebraci\u00f3n del Seminario <em>Hispania, al-Andalus, Espa\u00f1a y Portugal: identidad y nacionalismo en la historia peninsular<\/em>, celebrado en Casa Arabe (Madrid) en noviembre de 2016: <a href=\"http:\/\/www.casaarabe.es\/eventos-arabes\/show\/al-andalus-identidad-y-nacionalismo-en-la-historia-peninsular\" target=\"_blank\" rel=\"noopener noreferrer\">http:\/\/www.casaarabe.es\/eventos-arabes\/show\/al-andalus-identidad-y-nacionalismo-en-la-historia-peninsular.<\/a><\/p>\n\n\n\n<h2 class=\"wp-block-heading\"><a href=\"https:\/\/www.alandalusylahistoria.com\/?page_id=155\" data-type=\"page\" data-id=\"155\">Comit\u00e9 editor<\/a><\/h2>\n\n\n\n<h2 class=\"wp-block-heading\">Contacto<\/h2>\n\n\n\n<p class=\"wp-block-paragraph\">Para consultarnos cualquier cosa puedes usar nuestra cuenta de <a rel=\"noreferrer noopener\" href=\"https:\/\/www.facebook.com\/Al-Andalus-y-la-Historia-246323326161265\/\" target=\"_blank\">Facebook <\/a>o nuestro correo electr\u00f3nico: consultas@alandalusylahistoria.com.<\/p>\n\n\n\n<h2 class=\"wp-block-heading\"><a href=\"http:\/\/www.alandalusylahistoria.com\/?page_id=1070\">T\u00e9rminos de Uso<\/a><\/h2>\n","protected":false},"excerpt":{"rendered":"<p>Al-Andalus para todos Al-Andalus y la Historia es una revista de divulgaci\u00f3n dirigida al gran p\u00fablico. Su objetivo es acercar al lector a las \u00faltimas investigaciones acerca del pasado andalus\u00ed. Al-Andalus en la larga duraci\u00f3n Entendemos ese pasado de manera amplia: como el periodo de la historia de la Pen\u00ednsula Ib\u00e9rica que va desde alrededor&#8230; <\/p>\n<div class=\"link-more\"><a href=\"https:\/\/www.alandalusylahistoria.com\/?page_id=339\">Leer M\u00e1s<\/a><\/div>\n","protected":false},"author":1,"featured_media":32,"parent":0,"menu_order":0,"comment_status":"closed","ping_status":"closed","template":"","meta":{"_crdt_document":"","jetpack_post_was_ever_published":false,"footnotes":""},"coauthors":[261],"class_list":["post-339","page","type-page","status-publish","has-post-thumbnail","hentry"],"jetpack-related-posts":[],"_links":{"self":[{"href":"https:\/\/www.alandalusylahistoria.com\/index.php?rest_route=\/wp\/v2\/pages\/339","targetHints":{"allow":["GET"]}}],"collection":[{"href":"https:\/\/www.alandalusylahistoria.com\/index.php?rest_route=\/wp\/v2\/pages"}],"about":[{"href":"https:\/\/www.alandalusylahistoria.com\/index.php?rest_route=\/wp\/v2\/types\/page"}],"author":[{"embeddable":true,"href":"https:\/\/www.alandalusylahistoria.com\/index.php?rest_route=\/wp\/v2\/users\/1"}],"replies":[{"embeddable":true,"href":"https:\/\/www.alandalusylahistoria.com\/index.php?rest_route=%2Fwp%2Fv2%2Fcomments&post=339"}],"version-history":[{"count":13,"href":"https:\/\/www.alandalusylahistoria.com\/index.php?rest_route=\/wp\/v2\/pages\/339\/revisions"}],"predecessor-version":[{"id":2736,"href":"https:\/\/www.alandalusylahistoria.com\/index.php?rest_route=\/wp\/v2\/pages\/339\/revisions\/2736"}],"wp:featuredmedia":[{"embeddable":true,"href":"https:\/\/www.alandalusylahistoria.com\/index.php?rest_route=\/wp\/v2\/media\/32"}],"wp:attachment":[{"href":"https:\/\/www.alandalusylahistoria.com\/index.php?rest_route=%2Fwp%2Fv2%2Fmedia&parent=339"}],"wp:term":[{"taxonomy":"author","embeddable":true,"href":"https:\/\/www.alandalusylahistoria.com\/index.php?rest_route=%2Fwp%2Fv2%2Fcoauthors&post=339"}],"curies":[{"name":"wp","href":"https:\/\/api.w.org\/{rel}","templated":true}]}}