{"id":223,"date":"2018-07-06T15:30:17","date_gmt":"2018-07-06T15:30:17","guid":{"rendered":"http:\/\/www.alandalusylahistoria.com\/?page_id=223"},"modified":"2023-10-11T19:06:29","modified_gmt":"2023-10-11T17:06:29","slug":"javier-albarran","status":"publish","type":"page","link":"https:\/\/www.alandalusylahistoria.com\/?page_id=223","title":{"rendered":"Javier Albarr\u00e1n"},"content":{"rendered":"\n<p class=\"wp-block-paragraph\">Doctor en Estudios Hisp\u00e1nicos por la Universidad Aut\u00f3noma de Madrid, Javier Albarr\u00e1n es especialista en el mundo isl\u00e1mico medieval. En la actualidad es profesor de Historia Medieval en la Universidad Aut\u00f3noma de Madrid. Ha trabajado como investigador en el centro RomanIslam de la Universidad de Hamburgo. Entre sus publicaciones, destacan trabajos como <em><a rel=\"noreferrer noopener\" href=\"https:\/\/medievalistas.es\/la-cruz-en-la-media-luna-los-cristianos-en-al-andalus-realidades-y-percepciones-siglos-viii-xiii\/\" target=\"_blank\">La cruz en la media luna. Los cristianos en al-Andalus: realidades y percepciones<\/a><\/em> (siglos VIII-XIII) (Sociedad Espa\u00f1ola de Estudios Medievales-CSIC, 2013); <em><a rel=\"noreferrer noopener\" href=\"http:\/\/laergastula.com\/producto\/veneracion-y-polemica-muhammad-en-la-obra-del-qadi-iyad\/\" target=\"_blank\">Veneraci\u00f3n y pol\u00e9mica. Mu\u1e25ammad en la obra del Q\u0101d\u012b \u2018Iy\u0101\u1e0d<\/a><\/em> (La Erg\u00e1stula, 2015); <em><a rel=\"noreferrer noopener\" href=\"http:\/\/laergastula.com\/producto\/el-sueno-de-al-quds\/\" target=\"_blank\">El Sue\u00f1o de al-Quds: los musulmanes ante la conquista cruzada de Jerusal\u00e9n<\/a><\/em> (La Erg\u00e1stula, 2017); o su \u00faltimo libro, <em><a rel=\"noreferrer noopener\" href=\"https:\/\/editorial.ugr.es\/static\/Emanagement\/*\/detalle_libro\/ejercitos-benditos\" target=\"_blank\">Ej\u00e9rcitos benditos. Yihad y memoria en al-Andalus (siglos X-XIII)<\/a><\/em> (Granada, 2020).<\/p>\n\n\n\n<hr class=\"wp-block-separator has-text-color has-yellow-color has-css-opacity has-yellow-background-color has-background is-style-default\"\/>\n\n\n\n<h4 class=\"wp-block-heading\" id=\"enlaces-y-redes\">Enlaces y redes:<\/h4>\n\n\n\n<ul class=\"wp-block-list\">\n<li><a aria-label=\"https:\/\/javieralbarran.academia.edu\/ (abre en una nueva pesta\u00f1a)\" href=\"https:\/\/javieralbarran.academia.edu\/\" target=\"_blank\" rel=\"noreferrer noopener\"><strong>Academia.edu<\/strong><\/a><\/li>\n\n\n\n<li><a href=\"https:\/\/portalcientifico.uam.es\/es\/ipublic\/researcher\/274138\" target=\"_blank\" rel=\"noreferrer noopener\"><strong>Portal cient\u00edfico UAM<\/strong><\/a><\/li>\n<\/ul>\n\n\n\n<hr class=\"wp-block-separator has-text-color has-yellow-color has-css-opacity has-yellow-background-color has-background is-style-default\"\/>\n\n\n\n<h4 class=\"wp-block-heading\">Art\u00edculos:<\/h4>\n\n\n\n<ul class=\"wp-block-list\" style=\"font-size:15px\">\n<li><a href=\"https:\/\/www.alandalusylahistoria.com\/?p=285\">Los supuestos \u00abmoz\u00e1rabes\u00bb y el destino de los cristianos de al-Andalus<\/a><\/li>\n\n\n\n<li><a href=\"https:\/\/www.alandalusylahistoria.com\/?p=728\">Los moriscos y la conquista de al-Andalus<\/a><\/li>\n\n\n\n<li><a href=\"https:\/\/www.alandalusylahistoria.com\/?p=951\">Al-Qarawiyy\u012bn: historia de una biblioteca en Fez<\/a><\/li>\n\n\n\n<li><a href=\"https:\/\/www.alandalusylahistoria.com\/?p=1358\">Las \u00f3rdenes militares en las fuentes \u00e1rabo-isl\u00e1micas: de al-Andalus a Oriente<\/a><\/li>\n\n\n\n<li><a href=\"https:\/\/www.alandalusylahistoria.com\/?p=1975\">Caravanas de oro y sal: el Sahel medieval<\/a><\/li>\n\n\n\n<li><a href=\"https:\/\/www.alandalusylahistoria.com\/?p=2000\">Ibn Battuta y las mujeres del Sahel<\/a><\/li>\n\n\n\n<li><a href=\"https:\/\/www.alandalusylahistoria.com\/?p=2275\">La peste del siglo XIV en al-Andalus<\/a><\/li>\n\n\n\n<li><a href=\"https:\/\/www.alandalusylahistoria.com\/?p=2901\">Fronteras de salvaci\u00f3n<\/a><\/li>\n\n\n\n<li><a href=\"https:\/\/www.alandalusylahistoria.com\/?p=3045\">De al-Andalus a la Monarqu\u00eda Hisp\u00e1nica<\/a><\/li>\n<\/ul>\n","protected":false},"excerpt":{"rendered":"<p>Doctor en Estudios Hisp\u00e1nicos por la Universidad Aut\u00f3noma de Madrid, Javier Albarr\u00e1n es especialista en el mundo isl\u00e1mico medieval. En la actualidad es profesor de Historia Medieval en la Universidad Aut\u00f3noma de Madrid. Ha trabajado como investigador en el centro RomanIslam de la Universidad de Hamburgo. Entre sus publicaciones, destacan trabajos como La cruz en&#8230; <\/p>\n<div class=\"link-more\"><a href=\"https:\/\/www.alandalusylahistoria.com\/?page_id=223\">Leer M\u00e1s<\/a><\/div>\n","protected":false},"author":1,"featured_media":3011,"parent":155,"menu_order":0,"comment_status":"closed","ping_status":"closed","template":"","meta":{"_crdt_document":"","jetpack_post_was_ever_published":false,"footnotes":""},"coauthors":[261],"class_list":["post-223","page","type-page","status-publish","has-post-thumbnail","hentry"],"jetpack-related-posts":[],"_links":{"self":[{"href":"https:\/\/www.alandalusylahistoria.com\/index.php?rest_route=\/wp\/v2\/pages\/223","targetHints":{"allow":["GET"]}}],"collection":[{"href":"https:\/\/www.alandalusylahistoria.com\/index.php?rest_route=\/wp\/v2\/pages"}],"about":[{"href":"https:\/\/www.alandalusylahistoria.com\/index.php?rest_route=\/wp\/v2\/types\/page"}],"author":[{"embeddable":true,"href":"https:\/\/www.alandalusylahistoria.com\/index.php?rest_route=\/wp\/v2\/users\/1"}],"replies":[{"embeddable":true,"href":"https:\/\/www.alandalusylahistoria.com\/index.php?rest_route=%2Fwp%2Fv2%2Fcomments&post=223"}],"version-history":[{"count":13,"href":"https:\/\/www.alandalusylahistoria.com\/index.php?rest_route=\/wp\/v2\/pages\/223\/revisions"}],"predecessor-version":[{"id":4398,"href":"https:\/\/www.alandalusylahistoria.com\/index.php?rest_route=\/wp\/v2\/pages\/223\/revisions\/4398"}],"up":[{"embeddable":true,"href":"https:\/\/www.alandalusylahistoria.com\/index.php?rest_route=\/wp\/v2\/pages\/155"}],"wp:featuredmedia":[{"embeddable":true,"href":"https:\/\/www.alandalusylahistoria.com\/index.php?rest_route=\/wp\/v2\/media\/3011"}],"wp:attachment":[{"href":"https:\/\/www.alandalusylahistoria.com\/index.php?rest_route=%2Fwp%2Fv2%2Fmedia&parent=223"}],"wp:term":[{"taxonomy":"author","embeddable":true,"href":"https:\/\/www.alandalusylahistoria.com\/index.php?rest_route=%2Fwp%2Fv2%2Fcoauthors&post=223"}],"curies":[{"name":"wp","href":"https:\/\/api.w.org\/{rel}","templated":true}]}}