{"id":155,"date":"2018-05-25T16:03:44","date_gmt":"2018-05-25T16:03:44","guid":{"rendered":"http:\/\/www.alandalusylahistoria.com\/?page_id=155"},"modified":"2024-02-29T11:38:37","modified_gmt":"2024-02-29T10:38:37","slug":"autores","status":"publish","type":"page","link":"https:\/\/www.alandalusylahistoria.com\/?page_id=155","title":{"rendered":"Editores"},"content":{"rendered":"\n<h3 class=\"wp-block-heading has-text-align-left\">Comit\u00e9 editor:<\/h3>\n\n\n\n<ul class=\"wp-block-list\">\n<li style=\"font-style:normal;font-weight:600\"><a href=\"https:\/\/www.alandalusylahistoria.com\/?page_id=223\" data-type=\"page\" data-id=\"223\">Javier Albarr\u00e1n<\/a><\/li>\n\n\n\n<li style=\"font-style:normal;font-weight:600\"><a href=\"https:\/\/www.alandalusylahistoria.com\/?page_id=208\" data-type=\"page\" data-id=\"208\">Carlos de Ayala Mart\u00ednez<\/a><\/li>\n\n\n\n<li style=\"font-style:normal;font-weight:600\"><a href=\"https:\/\/www.alandalusylahistoria.com\/?page_id=226\" data-type=\"page\" data-id=\"226\">Fernando Bravo L\u00f3pez<\/a><\/li>\n\n\n\n<li style=\"font-style:normal;font-weight:600\"><a href=\"https:\/\/www.alandalusylahistoria.com\/?page_id=4205\" data-type=\"page\" data-id=\"4205\">Adela F\u00e1bregas Garc\u00eda<\/a><\/li>\n\n\n\n<li style=\"font-style:normal;font-weight:600\"><a href=\"https:\/\/www.alandalusylahistoria.com\/?page_id=196\" data-type=\"page\" data-id=\"196\">Maribel Fierro<\/a><\/li>\n\n\n\n<li style=\"font-style:normal;font-weight:600\"><a href=\"https:\/\/www.alandalusylahistoria.com\/?page_id=240\" data-type=\"page\" data-id=\"240\">Alejandro Garc\u00eda Sanju\u00e1n<\/a><\/li>\n\n\n\n<li style=\"font-style:normal;font-weight:600\"><a href=\"https:\/\/www.alandalusylahistoria.com\/?page_id=4202\" data-type=\"page\" data-id=\"4202\">Adday Hern\u00e1ndez L\u00f3pez<\/a><\/li>\n\n\n\n<li style=\"font-style:normal;font-weight:600\"><a href=\"https:\/\/www.alandalusylahistoria.com\/?page_id=248\" data-type=\"page\" data-id=\"248\">Eduardo Manzano Moreno<\/a><\/li>\n<\/ul>\n\n\n\n<hr class=\"wp-block-separator has-text-color has-yellow-color has-css-opacity has-yellow-background-color has-background\"\/>\n\n\n\n<h4 class=\"wp-block-heading has-text-align-left\">Consejo asesor:<\/h4>\n\n\n\n<ul class=\"wp-block-list\">\n<li><a href=\"https:\/\/www.alandalusylahistoria.com\/?page_id=236\" data-type=\"page\" data-id=\"236\">Manuela Mar\u00edn<\/a><\/li>\n\n\n\n<li><a href=\"https:\/\/www.alandalusylahistoria.com\/?page_id=233\" data-type=\"page\" data-id=\"233\">Luis Molina<\/a><\/li>\n\n\n\n<li><a href=\"https:\/\/independent.academia.edu\/AnnChristys\" target=\"_blank\" rel=\"noreferrer noopener\">Ann Christys<\/a><\/li>\n<\/ul>\n\n\n\n<hr class=\"wp-block-separator has-text-color has-yellow-color has-css-opacity has-yellow-background-color has-background\"\/>\n\n\n\n<h4 class=\"wp-block-heading has-text-align-left\">Administraci\u00f3n y dise\u00f1o:<\/h4>\n\n\n\n<ul class=\"wp-block-list\">\n<li><a href=\"https:\/\/www.alandalusylahistoria.com\/?page_id=226\" data-type=\"page\" data-id=\"226\">Fernando Bravo L\u00f3pez<\/a> y <a href=\"https:\/\/www.alandalusylahistoria.com\/?page_id=223\" data-type=\"page\" data-id=\"223\">Javier Albarr\u00e1n<\/a><\/li>\n<\/ul>\n\n\n\n<h4 class=\"wp-block-heading\">Redes sociales:<\/h4>\n\n\n\n<ul class=\"wp-block-list\">\n<li>(2018-2022) <a rel=\"noreferrer noopener\" href=\"http:\/\/cchs.csic.es\/es\/personal\/aurora.gonzalez\" target=\"_blank\">Aurora Gonz\u00e1lez Artigao<\/a><\/li>\n<\/ul>\n","protected":false},"excerpt":{"rendered":"<p>Comit\u00e9 editor: Consejo asesor: Administraci\u00f3n y dise\u00f1o: Redes sociales:<\/p>\n","protected":false},"author":1,"featured_media":379,"parent":0,"menu_order":0,"comment_status":"closed","ping_status":"closed","template":"","meta":{"_crdt_document":"","jetpack_post_was_ever_published":false,"footnotes":""},"coauthors":[261],"class_list":["post-155","page","type-page","status-publish","has-post-thumbnail","hentry"],"jetpack-related-posts":[],"_links":{"self":[{"href":"https:\/\/www.alandalusylahistoria.com\/index.php?rest_route=\/wp\/v2\/pages\/155","targetHints":{"allow":["GET"]}}],"collection":[{"href":"https:\/\/www.alandalusylahistoria.com\/index.php?rest_route=\/wp\/v2\/pages"}],"about":[{"href":"https:\/\/www.alandalusylahistoria.com\/index.php?rest_route=\/wp\/v2\/types\/page"}],"author":[{"embeddable":true,"href":"https:\/\/www.alandalusylahistoria.com\/index.php?rest_route=\/wp\/v2\/users\/1"}],"replies":[{"embeddable":true,"href":"https:\/\/www.alandalusylahistoria.com\/index.php?rest_route=%2Fwp%2Fv2%2Fcomments&post=155"}],"version-history":[{"count":29,"href":"https:\/\/www.alandalusylahistoria.com\/index.php?rest_route=\/wp\/v2\/pages\/155\/revisions"}],"predecessor-version":[{"id":4646,"href":"https:\/\/www.alandalusylahistoria.com\/index.php?rest_route=\/wp\/v2\/pages\/155\/revisions\/4646"}],"wp:featuredmedia":[{"embeddable":true,"href":"https:\/\/www.alandalusylahistoria.com\/index.php?rest_route=\/wp\/v2\/media\/379"}],"wp:attachment":[{"href":"https:\/\/www.alandalusylahistoria.com\/index.php?rest_route=%2Fwp%2Fv2%2Fmedia&parent=155"}],"wp:term":[{"taxonomy":"author","embeddable":true,"href":"https:\/\/www.alandalusylahistoria.com\/index.php?rest_route=%2Fwp%2Fv2%2Fcoauthors&post=155"}],"curies":[{"name":"wp","href":"https:\/\/api.w.org\/{rel}","templated":true}]}}