{"id":1070,"date":"2019-03-14T16:57:15","date_gmt":"2019-03-14T16:57:15","guid":{"rendered":"http:\/\/www.alandalusylahistoria.com\/?page_id=1070"},"modified":"2019-03-14T17:02:41","modified_gmt":"2019-03-14T17:02:41","slug":"terminos-de-uso","status":"publish","type":"page","link":"https:\/\/www.alandalusylahistoria.com\/?page_id=1070","title":{"rendered":"T\u00e9rminos de uso"},"content":{"rendered":"\n<h4 class=\"wp-block-heading\">General<\/h4>\n\n\n\n<div class=\"wp-block-image\"><figure class=\"alignright\"><a href=\"https:\/\/creativecommons.org\/licenses\/by-nc-nd\/4.0\/deed.es\" target=\"_blank\" rel=\"noreferrer noopener\"><img data-recalc-dims=\"1\" decoding=\"async\" src=\"https:\/\/i0.wp.com\/i.creativecommons.org\/l\/by-nc-nd\/4.0\/88x31.png?w=1000&#038;ssl=1\" alt=\"\"\/><\/a><\/figure><\/div>\n\n\n\n<p class=\"wp-block-paragraph\">Al acceder a<em> Al-Andalus y la Historia<\/em> usted podr\u00e1 leer el contenido completo de la revista, sin restricciones, y de forma totalmente gratuita. El contenido est\u00e1 protegido por la licencia <a rel=\"noreferrer noopener\" aria-label=\"Creative Commons de Atribuci\u00f3n-NoComercial-SinDerivadas 4.0 Internacional (CC BY-NC-ND 4.0) (opens in a new tab)\" href=\"https:\/\/creativecommons.org\/licenses\/by-nc-nd\/4.0\/deed.es\" target=\"_blank\">Creative Commons de Atribuci\u00f3n-NoComercial-SinDerivadas 4.0 Internacional (CC BY-NC-ND 4.0)<\/a>, por lo que usted es libre de compartir el contenido sin alterar y sin hacer un uso comercial del mismo, siempre que haga menci\u00f3n expresa del autor o autora del texto y la publicaci\u00f3n de la que procede, a\u00f1adiendo adem\u00e1s el enlace correspondiente.<\/p>\n\n\n\n<h4 class=\"wp-block-heading\">Responsabilidad editorial<\/h4>\n\n\n\n<p class=\"wp-block-paragraph\">La responsabilidad por el contenido de los art\u00edculos publicados recae en los autores de los mismos. El comit\u00e9 editor puede, o no, compartir las opiniones e interpretaciones que se exponen en ellos, pero no se hace responsable de las mismas.<\/p>\n\n\n\n<h4 class=\"wp-block-heading\">Protecci\u00f3n de datos<\/h4>\n\n\n\n<p class=\"wp-block-paragraph\"><em>Al-Andalus y la Historia<\/em> no utilizar\u00e1 sus datos de contacto para ning\u00fan otro fin que no sea hacerle llegar las novedades que se publiquen en la revista.<\/p>\n","protected":false},"excerpt":{"rendered":"<p>General Al acceder a Al-Andalus y la Historia usted podr\u00e1 leer el contenido completo de la revista, sin restricciones, y de forma totalmente gratuita. El contenido est\u00e1 protegido por la licencia Creative Commons de Atribuci\u00f3n-NoComercial-SinDerivadas 4.0 Internacional (CC BY-NC-ND 4.0), por lo que usted es libre de compartir el contenido sin alterar y sin hacer&#8230; <\/p>\n<div class=\"link-more\"><a href=\"https:\/\/www.alandalusylahistoria.com\/?page_id=1070\">Leer M\u00e1s<\/a><\/div>\n","protected":false},"author":1,"featured_media":0,"parent":339,"menu_order":0,"comment_status":"closed","ping_status":"closed","template":"","meta":{"_crdt_document":"","jetpack_post_was_ever_published":false,"footnotes":""},"coauthors":[],"class_list":["post-1070","page","type-page","status-publish","hentry"],"_links":{"self":[{"href":"https:\/\/www.alandalusylahistoria.com\/index.php?rest_route=\/wp\/v2\/pages\/1070","targetHints":{"allow":["GET"]}}],"collection":[{"href":"https:\/\/www.alandalusylahistoria.com\/index.php?rest_route=\/wp\/v2\/pages"}],"about":[{"href":"https:\/\/www.alandalusylahistoria.com\/index.php?rest_route=\/wp\/v2\/types\/page"}],"author":[{"embeddable":true,"href":"https:\/\/www.alandalusylahistoria.com\/index.php?rest_route=\/wp\/v2\/users\/1"}],"replies":[{"embeddable":true,"href":"https:\/\/www.alandalusylahistoria.com\/index.php?rest_route=%2Fwp%2Fv2%2Fcomments&post=1070"}],"version-history":[{"count":15,"href":"https:\/\/www.alandalusylahistoria.com\/index.php?rest_route=\/wp\/v2\/pages\/1070\/revisions"}],"predecessor-version":[{"id":1091,"href":"https:\/\/www.alandalusylahistoria.com\/index.php?rest_route=\/wp\/v2\/pages\/1070\/revisions\/1091"}],"up":[{"embeddable":true,"href":"https:\/\/www.alandalusylahistoria.com\/index.php?rest_route=\/wp\/v2\/pages\/339"}],"wp:attachment":[{"href":"https:\/\/www.alandalusylahistoria.com\/index.php?rest_route=%2Fwp%2Fv2%2Fmedia&parent=1070"}],"wp:term":[{"taxonomy":"author","embeddable":true,"href":"https:\/\/www.alandalusylahistoria.com\/index.php?rest_route=%2Fwp%2Fv2%2Fcoauthors&post=1070"}],"curies":[{"name":"wp","href":"https:\/\/api.w.org\/{rel}","templated":true}]}}